{"id":114,"date":"2014-12-29T16:39:29","date_gmt":"2014-12-29T19:39:29","guid":{"rendered":"http:\/\/localhost\/ActiveHost\/?page_id=114"},"modified":"2015-08-13T08:53:29","modified_gmt":"2015-08-13T11:53:29","slug":"it-datacenter","status":"publish","type":"page","link":"http:\/\/itinfra.com.br\/site\/it-datacenter\/","title":{"rendered":"iT Datacenter"},"content":{"rendered":"<p><img data-recalc-dims=\"1\" decoding=\"async\" class=\" aligncenter\" src=\"https:\/\/i0.wp.com\/uniquerackspace.com\/img\/scroll-down.png?w=960\" alt=\"\" \/><\/p>\n<h2>O que \u00e9 um Data Center?<\/h2>\n<p>O Data Center \u00e9 um ambiente projetado para abrigar servidores e outros componentes como sistemas de armazenamento de dados (<em>storages<\/em>) e ativos de rede (<em>switches<\/em>, roteadores). O objetivo principal de um Data Center \u00e9 garantir a disponibilidade de equipamentos que rodam sistemas cruciais para o neg\u00f3cio de uma organiza\u00e7\u00e3o, tal como o <b>ERP<\/b> ou <b>CRM<\/b>, garantindo assim a continuidade do neg\u00f3cio.<\/p>\n<p>Em linhas gerais, um Data Center deve conter:<\/p>\n<h3>Infraestrutura de Rede<\/h3>\n<p>O Data Center deve possuir conex\u00f5es (<em>links<\/em>) redundantes com pelo menos mais de um fornecedor de <em>backbone<\/em> em uma estrutura de <b>Autonomous System<\/b> (AS). Esta infraestrutura tem o objetivo de garantir que os sistemas hospedados no Data Center permane\u00e7am acess\u00edveis, mesmo se houver falhas em uma das conex\u00f5es com a Internet.<\/p>\n<h3>Seguran\u00e7a F\u00edsica<\/h3>\n<p>O Data Center deve fornecer mecanismos de seguran\u00e7a para restringir o acesso a somente pessoas autorizadas. Estes mecanismos geralmente s\u00e3o compostos de c\u00e2meras de seguran\u00e7a, vigil\u00e2ncia armada e sistema de identifica\u00e7\u00e3o.<\/p>\n<h3>Combate e Preven\u00e7\u00e3o Contra Inc\u00eandios<\/h3>\n<p>O Data Center deve conter um sistema que evite e previna que os equipamentos sejam danificados por inc\u00eandios. O sistema de combate e preven\u00e7\u00e3o contra inc\u00eandios pode ser composto de sistema de detec\u00e7\u00e3o de fuma\u00e7a, extintores, gases inibidores e procedimentos de brigadas de inc\u00eandio.<\/p>\n<h3>Refrigera\u00e7\u00e3o<\/h3>\n<p>O Data Center deve garantir que a temperatura do ambiente esteja em n\u00edveis aceit\u00e1veis para a opera\u00e7\u00e3o dos sistemas e principalmente que n\u00e3o hajam oscila\u00e7\u00f5es de temperatura que s\u00e3o extremamente prejudiciais ao funcionamento de qualquer equipamento. O equipamento de refrigera\u00e7\u00e3o deve ser redundante.<\/p>\n<h3>Energia<\/h3>\n<p>O Data Center deve garantir que n\u00e3o haja falta de energia e tampouco oscila\u00e7\u00f5es em seu fornecimento que possam danificar equipamentos. O sistema de fornecimento de energia \u00e9 geralmente composto por sistemas de no-breaks, geradores e alimenta\u00e7\u00e3o por mais de uma substa\u00e7\u00e3o.<\/p>\n<div class=\"contentInfoBox\">\n<p>A iT infra est\u00e1 sempre aberta a novos desafios <\/p>\n<\/div>\n<p class=\"separator\">\n","protected":false},"excerpt":{"rendered":"<p>O que \u00e9 um Data Center? O Data Center \u00e9 um ambiente projetado para abrigar servidores e outros componentes como sistemas de armazenamento de dados (storages) e ativos de rede (switches, roteadores). O objetivo principal de um Data Center \u00e9 garantir a disponibilidade de equipamentos que rodam sistemas cruciais para o neg\u00f3cio de uma organiza\u00e7\u00e3o, [&hellip;]<\/p>\n","protected":false},"author":1,"featured_media":0,"parent":0,"menu_order":0,"comment_status":"open","ping_status":"closed","template":"","meta":{"jetpack_post_was_ever_published":false,"footnotes":""},"class_list":["post-114","page","type-page","status-publish","hentry"],"jetpack_sharing_enabled":true,"jetpack_shortlink":"https:\/\/wp.me\/P6I5OB-1Q","jetpack-related-posts":[],"_links":{"self":[{"href":"http:\/\/itinfra.com.br\/site\/wp-json\/wp\/v2\/pages\/114","targetHints":{"allow":["GET"]}}],"collection":[{"href":"http:\/\/itinfra.com.br\/site\/wp-json\/wp\/v2\/pages"}],"about":[{"href":"http:\/\/itinfra.com.br\/site\/wp-json\/wp\/v2\/types\/page"}],"author":[{"embeddable":true,"href":"http:\/\/itinfra.com.br\/site\/wp-json\/wp\/v2\/users\/1"}],"replies":[{"embeddable":true,"href":"http:\/\/itinfra.com.br\/site\/wp-json\/wp\/v2\/comments?post=114"}],"version-history":[{"count":7,"href":"http:\/\/itinfra.com.br\/site\/wp-json\/wp\/v2\/pages\/114\/revisions"}],"predecessor-version":[{"id":526,"href":"http:\/\/itinfra.com.br\/site\/wp-json\/wp\/v2\/pages\/114\/revisions\/526"}],"wp:attachment":[{"href":"http:\/\/itinfra.com.br\/site\/wp-json\/wp\/v2\/media?parent=114"}],"curies":[{"name":"wp","href":"https:\/\/api.w.org\/{rel}","templated":true}]}}