{"id":244,"date":"2014-12-22T17:48:06","date_gmt":"2014-12-22T17:48:06","guid":{"rendered":"http:\/\/localhost\/ActiveHost\/?page_id=8"},"modified":"2015-08-20T20:55:24","modified_gmt":"2015-08-20T23:55:24","slug":"homepage-3","status":"publish","type":"page","link":"http:\/\/itinfra.com.br\/site\/","title":{"rendered":"Homepage"},"content":{"rendered":"<div class=\"column tiny\">\n<h3><span class=\"iconMediumNetwork\">iT Networking<\/span><\/h3>\n<p>&nbsp;<\/p>\n<p>Implementa\u00e7\u00e3o e Design de estrutura de redes corporativas em pequenas, m\u00e9dias e grandes empresas fornecendo alto padr\u00e3o de seguran\u00e7a e disponibilidade de infraestrutura.<\/p>\n<p>&nbsp;<\/p>\n<ul class=\"columnNavigation\"><\/ul>\n<p>&nbsp;<\/p>\n<h3><span class=\"iconMediumStats\">iT Virtualiza\u00e7\u00e3o<\/span><\/h3>\n<p><a href=\"https:\/\/i0.wp.com\/itinfra.com.br\/site\/wp-content\/uploads\/2015\/08\/datacenterP.png\"><img data-recalc-dims=\"1\" loading=\"lazy\" decoding=\"async\" data-attachment-id=\"630\" data-permalink=\"http:\/\/itinfra.com.br\/site\/homepage-3\/datacenterp\/\" data-orig-file=\"https:\/\/i0.wp.com\/itinfra.com.br\/site\/wp-content\/uploads\/2015\/08\/datacenterP.png?fit=481%2C190\" data-orig-size=\"481,190\" data-comments-opened=\"1\" data-image-meta=\"{&quot;aperture&quot;:&quot;0&quot;,&quot;credit&quot;:&quot;&quot;,&quot;camera&quot;:&quot;&quot;,&quot;caption&quot;:&quot;&quot;,&quot;created_timestamp&quot;:&quot;0&quot;,&quot;copyright&quot;:&quot;&quot;,&quot;focal_length&quot;:&quot;0&quot;,&quot;iso&quot;:&quot;0&quot;,&quot;shutter_speed&quot;:&quot;0&quot;,&quot;title&quot;:&quot;&quot;,&quot;orientation&quot;:&quot;0&quot;}\" data-image-title=\"\" data-image-description=\"\" data-image-caption=\"\" data-medium-file=\"https:\/\/i0.wp.com\/itinfra.com.br\/site\/wp-content\/uploads\/2015\/08\/datacenterP.png?fit=300%2C119\" data-large-file=\"https:\/\/i0.wp.com\/itinfra.com.br\/site\/wp-content\/uploads\/2015\/08\/datacenterP.png?fit=481%2C190\" class=\"alignnone size-full wp-image-630\" src=\"https:\/\/i0.wp.com\/itinfra.com.br\/site\/wp-content\/uploads\/2015\/08\/datacenterP.png?resize=481%2C190\" alt=\"\" width=\"481\" height=\"190\" srcset=\"https:\/\/i0.wp.com\/itinfra.com.br\/site\/wp-content\/uploads\/2015\/08\/datacenterP.png?w=481 481w, https:\/\/i0.wp.com\/itinfra.com.br\/site\/wp-content\/uploads\/2015\/08\/datacenterP.png?resize=300%2C119 300w\" sizes=\"auto, (max-width: 481px) 100vw, 481px\" \/><\/a><\/p>\n<\/div>\n<div class=\"column tiny\">\n<h3><span class=\"iconMediumCog\"><span style=\"color: #333333;\"><a style=\"color: #333333;\" href=\"http:\/\/itinfra.com.br\/site\/wp-content\/uploads\/2015\/08\/suporte_site.pdf\" target=\"_blank\">iT Hospedagem<\/a><\/span><\/span><\/h3>\n<p>&nbsp;<\/p>\n<p>iT infra fornece o servi\u00e7o de hospedagem de e-mails e sites corporativos em seu Datacenter pr\u00f3prio com disponibilidade de 99,9%. Confira nossos planos.<\/p>\n<\/div>\n<div class=\"column tiny\">\n<h3><span class=\"iconMediumServer\"><span style=\"color: #333333;\"><a style=\"color: #333333;\" href=\"http:\/\/itinfra.com.br\/site\/wp-content\/uploads\/2015\/08\/suporte_tec.pdf\" target=\"_blank\">iT Suporte<\/a><\/span><\/span><\/h3>\n<p>&nbsp;<\/p>\n<p>A iT infra realiza o gerenciamento integral do ciclo de vida (Implanta\u00e7\u00e3o, Opera\u00e7\u00e3o, Monitoramento e Suporte Avan\u00e7ado) de solu\u00e7\u00f5es infraestrutura de TI. Os servi\u00e7os s\u00e3o prestados no cliente ou remotamente via Centro de Opera\u00e7\u00f5es de Seguran\u00e7a e Redes da iT infra sendo no sistema 10&#215;5 ou 24&#215;7.<\/p>\n<\/div>\n<div class=\"column tiny last\">\n<h3><span class=\"iconMediumHelp\">Central de Suporte<\/span><\/h3>\n<p>0800-777-xxxx<\/p>\n<ul class=\"columnNavigation\"><\/ul>\n<p>2\u00ba via de boleto<\/p>\n<ul class=\"columnNavigation\"><\/ul>\n<p>Abrir um chamado<\/p>\n<ul class=\"columnNavigation\"><\/ul>\n<p>Central do Cliente<\/p>\n<\/div>\n<div class=\"clearfix\"><\/div>\n<p class=\"separatorShadow\">\n<div class=\"column small\">\n<h3>A iT|infra est\u00e1 sempre aberta a novos desafios!<\/h3>\n<p>&nbsp;<\/p>\n<div class=\"testimonialBox\">\n<p>\u201cN\u00f3s da Supply-log, sempre utilizamos os servi\u00e7os da iT|infra!.\u201d<\/p>\n<div class=\"author\">Diretoria da Supply-log<\/div>\n<\/div>\n<\/div>\n<div class=\"column large last\">\n<div class=\"column tiny\">\n<h4><span class=\"iconMediumServer\">Servi\u00e7os Gerenciados<\/span><\/h4>\n<p>&nbsp;<\/p>\n<ul>\n<li>&#8211; Suporte T\u00e9cnico<\/li>\n<li>&#8211; Aloca\u00e7\u00e3o de Profissionais<\/li>\n<li>&#8211; Help &amp; Service Desk<\/li>\n<\/ul>\n<\/div>\n<p><a><img loading=\"lazy\" decoding=\"async\" class=\"alignright size-full wp-image-120\" title=\"index-thumb\" src=\"http:\/\/www.izp.al.gov.br\/sala-de-imprensa\/noticias\/2011\/marco-2012\/rede-jovem-de-cidadania-discute-as-redes-sociais\/image_preview\" alt=\"\" width=\"280\" height=\"160\" \/><\/a><\/p>\n<\/div>\n<div class=\"clearfix\"><\/div>\n","protected":false},"excerpt":{"rendered":"","protected":false},"author":1,"featured_media":0,"parent":0,"menu_order":0,"comment_status":"open","ping_status":"open","template":"template-home.php","meta":{"jetpack_post_was_ever_published":false,"footnotes":""},"class_list":["post-244","page","type-page","status-publish","hentry"],"jetpack_sharing_enabled":true,"jetpack_shortlink":"https:\/\/wp.me\/P6I5OB-3W","jetpack-related-posts":[],"_links":{"self":[{"href":"http:\/\/itinfra.com.br\/site\/wp-json\/wp\/v2\/pages\/244","targetHints":{"allow":["GET"]}}],"collection":[{"href":"http:\/\/itinfra.com.br\/site\/wp-json\/wp\/v2\/pages"}],"about":[{"href":"http:\/\/itinfra.com.br\/site\/wp-json\/wp\/v2\/types\/page"}],"author":[{"embeddable":true,"href":"http:\/\/itinfra.com.br\/site\/wp-json\/wp\/v2\/users\/1"}],"replies":[{"embeddable":true,"href":"http:\/\/itinfra.com.br\/site\/wp-json\/wp\/v2\/comments?post=244"}],"version-history":[{"count":38,"href":"http:\/\/itinfra.com.br\/site\/wp-json\/wp\/v2\/pages\/244\/revisions"}],"predecessor-version":[{"id":632,"href":"http:\/\/itinfra.com.br\/site\/wp-json\/wp\/v2\/pages\/244\/revisions\/632"}],"wp:attachment":[{"href":"http:\/\/itinfra.com.br\/site\/wp-json\/wp\/v2\/media?parent=244"}],"curies":[{"name":"wp","href":"https:\/\/api.w.org\/{rel}","templated":true}]}}