{"id":430,"date":"2015-08-10T16:31:37","date_gmt":"2015-08-10T19:31:37","guid":{"rendered":"http:\/\/itinfra.com.br\/site\/?page_id=430"},"modified":"2015-08-13T19:36:26","modified_gmt":"2015-08-13T22:36:26","slug":"about","status":"publish","type":"page","link":"http:\/\/itinfra.com.br\/site\/about\/","title":{"rendered":"iT Hosting"},"content":{"rendered":"<div class=\"hostingHeader shared\">\n<p><strong>Porque hospedar seu site com a iT infra ?<\/strong><\/p>\n<p>&nbsp;<\/p>\n<p>O grande diferencial da plataforma da iT infra \u00e9 o isolamento de recursos, que impede um site com comportamento abusivo de consumir recursos dos demais sites hospedados no servidor.<br \/>\nCada site tem os seus recursos isolados dos demais, garantindo que ele n\u00e3o seja impactado pelos outros sites. E caso um site hospedado aqui apresente aumento no tr\u00e1fego, o cliente pode fazer o upgrade do seu plano pelo painel de controle, expandindo seus recursos.<\/p>\n<\/div>\n<div class=\"hostingPlans clearfix\">\n<div class=\"column tiny\">\n<div class=\"heading\">\n<p>iT Plus<\/p>\n<p><span class=\"label\">A sua porta de entrada na internet.<\/span><\/div>\n<div class=\"keyFeatures\">\n<ul>\n<li><strong>2<\/strong>\u00a0Dom\u00ednios Hospedados<\/li>\n<li><strong>1 GB<\/strong> de espa\u00e7o para o site<\/li>\n<li><strong>50 GB<\/strong>\u00a0de tr\u00e1fego<\/li>\n<\/ul>\n<\/div>\n<div class=\"additionalFeatures\">\n<ul>\n<li>Sites ilimitados<\/li>\n<li>Espa\u00e7o em disco ilimitado<\/li>\n<li>Transfer\u00eancia ilimitada<\/li>\n<li>Bancos de dados ilimitados<\/li>\n<\/ul>\n<\/div>\n<div class=\"price\"><strong>R$25,90<\/strong><br \/><span>Anual por R$248,64<\/span><\/div>\n<p><a class=\"colorButton\" href=\"\"><span class=\"pointer\">Contratar<\/span><\/a><\/p>\n<\/div>\n<div class=\"column tiny\">\n<div class=\"heading\">\n<p>iT Profissional<\/p>\n<p><span class=\"label\">Solu\u00e7\u00f5es avan\u00e7adas a um baixo custo.<\/span><\/div>\n<div class=\"keyFeatures\">\n<ul>\n<li><strong>20<\/strong> Dom\u00ednios Hospedados<\/li>\n<li><strong>3 GB<\/strong> de espa\u00e7o para o site<\/li>\n<li><strong>200 GB<\/strong> de tr\u00e1fego<\/li>\n<\/ul>\n<\/div>\n<div class=\"additionalFeatures\">\n<ul>\n<li>Acesso exclusivo<\/li>\n<li>Windows \/ Linux<\/li>\n<li>Bancos de dados ilimitados<\/li>\n<li>Aprox.<strong> 2.500<\/strong> acessos di\u00e1rios<\/li>\n<\/ul>\n<\/div>\n<div class=\"price\"><strong>R$39,90<\/strong><br \/><span>Anual por R$383,04<\/span><\/div>\n<p><a class=\"colorButton\" href=\"\"><span class=\"pointer\">Contratar<\/span><\/a><\/p>\n<\/div>\n<div class=\"column tiny\">\n<div class=\"heading\">\n<p>iT Business<\/p>\n<p><span class=\"label\">O plano ideal para aplica\u00e7\u00f5es mais robustas.<\/span><\/div>\n<div class=\"keyFeatures\">\n<ul>\n<li><strong>100<\/strong> Dom\u00ednios Hospedados<\/li>\n<li><strong>6 GB <\/strong>de espa\u00e7o para o site<\/li>\n<li><strong>500 GB<\/strong> de tr\u00e1fego<\/li>\n<\/ul>\n<\/div>\n<div class=\"additionalFeatures\">\n<ul>\n<li>Acesso exclusivo<\/li>\n<li>Utiliza\u00e7\u00e3o de cPanel<\/li>\n<li><span style=\"line-height: 1.5;\">Bancos de dados ilimitados<\/span><\/li>\n<li>E-mail Corporativo<\/li>\n<\/ul>\n<\/div>\n<div class=\"price\"><strong>R$59,90<\/strong><br \/><span>Anual por R$575,04<\/span><\/div>\n<p><a class=\"colorButton\" href=\"\"><span class=\"pointer\">Contratar<\/span><\/a><\/p>\n<\/div>\n<div class=\"column tiny\">\n<div class=\"heading\">\n<p>iT Enterprise<\/p>\n<p><span class=\"label\">Ideal para grandes aplica\u00e7\u00f5es e alto tr\u00e1fego.<\/span><\/div>\n<div class=\"keyFeatures\">\n<ul>\n<li><b>Dominios <\/b>Ilimitados<\/li>\n<li><strong>Consultoria <\/strong>para Sites<\/li>\n<li><b>E-mail <\/b>Marketing<\/li>\n<\/ul>\n<\/div>\n<div class=\"additionalFeatures\">\n<ul>\n<li>Consultores Exclusivos<\/li>\n<li>Atualiza\u00e7\u00f5es Mensais<\/li>\n<li>Desenvolvimento no Pacote<\/li>\n<li>99.99% Uptime Garantido<\/li>\n<\/ul>\n<\/div>\n<div class=\"price\"><strong>R$00,00<\/strong><\/div>\n<p><a class=\"colorButton\" href=\"\"><span class=\"pointer\">Consulte-nos<\/span><\/a><\/p>\n<\/div>\n<\/div>\n<div class=\"contentInfoBox\">\n<p>A arquitetura de hospedagem da iT infra possui <strong>balanceamento de carga com servidores de cache<\/strong>\u00a0e hospedados no\u00a0<strong>Brasil<\/strong>.<\/p>\n<\/div>\n<p class=\"separator\">\n<div class=\"column small\">\n<h3><span class=\"iconMediumServer\">Tecnologia<\/span><\/h3>\n<p>&nbsp;<\/p>\n<div>\n<p>Alta qualidade e tecnologia de ponta em sua Hospedagem. O disco SSD aumenta o desempenho no processamento dos dados de sua aplica\u00e7\u00e3o diminuindo o tempo de acesso para o usu\u00e1rio final.<\/p>\n<\/div>\n<\/div>\n<div class=\"column small\">\n<h3><span class=\"iconMediumStats\">Benef\u00edcios<\/span><\/h3>\n<p>&nbsp;<\/p>\n<div>\n<p>A arquitetura de hospedagem da iT infra possui balanceamento de carga com servidores de cache. Isso significa que, se um servidor tiver qualquer instabilidade, outro servidor assumir\u00e1 o seu lugar sem que haja interrup\u00e7\u00e3o do servi\u00e7o. Entenda melhor <a href=\"#\">aqui.<\/a><\/p>\n<\/div>\n<\/div>\n<div class=\"column small last\">\n<h3><span class=\"iconMediumControlPanel\">Monitoramento<\/span><\/h3>\n<p>&nbsp;<\/p>\n<div><\/div>\n<\/div>\n<div class=\"clearfix\"><\/div>\n","protected":false},"excerpt":{"rendered":"","protected":false},"author":1,"featured_media":0,"parent":0,"menu_order":0,"comment_status":"open","ping_status":"closed","template":"","meta":{"jetpack_post_was_ever_published":false,"footnotes":""},"class_list":["post-430","page","type-page","status-publish","hentry"],"jetpack_sharing_enabled":true,"jetpack_shortlink":"https:\/\/wp.me\/P6I5OB-6W","jetpack-related-posts":[],"_links":{"self":[{"href":"http:\/\/itinfra.com.br\/site\/wp-json\/wp\/v2\/pages\/430","targetHints":{"allow":["GET"]}}],"collection":[{"href":"http:\/\/itinfra.com.br\/site\/wp-json\/wp\/v2\/pages"}],"about":[{"href":"http:\/\/itinfra.com.br\/site\/wp-json\/wp\/v2\/types\/page"}],"author":[{"embeddable":true,"href":"http:\/\/itinfra.com.br\/site\/wp-json\/wp\/v2\/users\/1"}],"replies":[{"embeddable":true,"href":"http:\/\/itinfra.com.br\/site\/wp-json\/wp\/v2\/comments?post=430"}],"version-history":[{"count":61,"href":"http:\/\/itinfra.com.br\/site\/wp-json\/wp\/v2\/pages\/430\/revisions"}],"predecessor-version":[{"id":585,"href":"http:\/\/itinfra.com.br\/site\/wp-json\/wp\/v2\/pages\/430\/revisions\/585"}],"wp:attachment":[{"href":"http:\/\/itinfra.com.br\/site\/wp-json\/wp\/v2\/media?parent=430"}],"curies":[{"name":"wp","href":"https:\/\/api.w.org\/{rel}","templated":true}]}}